{"id":3337,"date":"2019-06-29T14:33:16","date_gmt":"2019-06-29T18:33:16","guid":{"rendered":"https:\/\/csmro.ca\/tournament\/commandite\/"},"modified":"2019-07-26T16:43:20","modified_gmt":"2019-07-26T20:43:20","slug":"sponsorship","status":"publish","type":"page","link":"https:\/\/csmro.ca\/en\/tournament\/sponsorship\/","title":{"rendered":"Sponsorship Program"},"content":{"rendered":"","protected":false},"excerpt":{"rendered":"","protected":false},"author":8,"featured_media":2646,"parent":2913,"menu_order":0,"comment_status":"closed","ping_status":"closed","template":"page-templates\/two-columns-layout.php","meta":{"_acf_changed":false,"footnotes":""},"class_list":["post-3337","page","type-page","status-publish","has-post-thumbnail","hentry"],"acf":[],"yoast_head":"<!-- This site is optimized with the Yoast SEO plugin v24.9 - https:\/\/yoast.com\/wordpress\/plugins\/seo\/ -->\n<title>Sponsorship Program | CS MRO<\/title>\n<meta name=\"description\" content=\"Une opportunit\u00e9 r\u00eav\u00e9e de promouvoir l&#039;activit\u00e9 physique, le travail d&#039;\u00e9quipe et le d\u00e9veloppement personnel aupr\u00e8s de la rel\u00e8ve!\" \/>\n<meta name=\"robots\" content=\"index, follow, max-snippet:-1, max-image-preview:large, max-video-preview:-1\" \/>\n<link rel=\"canonical\" href=\"https:\/\/csmro.ca\/en\/tournament\/sponsorship\/\" \/>\n<meta property=\"og:locale\" content=\"en_US\" \/>\n<meta property=\"og:type\" content=\"article\" \/>\n<meta property=\"og:title\" content=\"Sponsorship Program | CS MRO\" \/>\n<meta property=\"og:description\" content=\"Une opportunit\u00e9 r\u00eav\u00e9e de promouvoir l&#039;activit\u00e9 physique, le travail d&#039;\u00e9quipe et le d\u00e9veloppement personnel aupr\u00e8s de la rel\u00e8ve!\" \/>\n<meta property=\"og:url\" content=\"https:\/\/csmro.ca\/en\/tournament\/sponsorship\/\" \/>\n<meta property=\"og:site_name\" content=\"CS MRO\" \/>\n<meta property=\"article:publisher\" content=\"https:\/\/www.facebook.com\/csmrosoccer\/\" \/>\n<meta property=\"article:modified_time\" content=\"2019-07-26T20:43:20+00:00\" \/>\n<meta property=\"og:image\" content=\"https:\/\/csmro.ca\/website\/wp-content\/uploads\/2019\/06\/38438002_2003824499668565_6413934740566441984_o.jpg\" \/>\n\t<meta property=\"og:image:width\" content=\"1888\" \/>\n\t<meta property=\"og:image:height\" content=\"1260\" \/>\n\t<meta property=\"og:image:type\" content=\"image\/jpeg\" \/>\n<meta name=\"twitter:card\" content=\"summary_large_image\" \/>\n<meta name=\"twitter:site\" content=\"@csmrogriffons\" \/>\n<script type=\"application\/ld+json\" class=\"yoast-schema-graph\">{\"@context\":\"https:\/\/schema.org\",\"@graph\":[{\"@type\":\"WebPage\",\"@id\":\"https:\/\/csmro.ca\/en\/tournament\/sponsorship\/\",\"url\":\"https:\/\/csmro.ca\/en\/tournament\/sponsorship\/\",\"name\":\"Sponsorship Program | CS MRO\",\"isPartOf\":{\"@id\":\"https:\/\/csmro.ca\/#website\"},\"primaryImageOfPage\":{\"@id\":\"https:\/\/csmro.ca\/en\/tournament\/sponsorship\/#primaryimage\"},\"image\":{\"@id\":\"https:\/\/csmro.ca\/en\/tournament\/sponsorship\/#primaryimage\"},\"thumbnailUrl\":\"https:\/\/csmro.ca\/website\/wp-content\/uploads\/2019\/06\/38438002_2003824499668565_6413934740566441984_o.jpg\",\"datePublished\":\"2019-06-29T18:33:16+00:00\",\"dateModified\":\"2019-07-26T20:43:20+00:00\",\"description\":\"Une opportunit\u00e9 r\u00eav\u00e9e de promouvoir l'activit\u00e9 physique, le travail d'\u00e9quipe et le d\u00e9veloppement personnel aupr\u00e8s de la rel\u00e8ve!\",\"breadcrumb\":{\"@id\":\"https:\/\/csmro.ca\/en\/tournament\/sponsorship\/#breadcrumb\"},\"inLanguage\":\"en-US\",\"potentialAction\":[{\"@type\":\"ReadAction\",\"target\":[\"https:\/\/csmro.ca\/en\/tournament\/sponsorship\/\"]}]},{\"@type\":\"ImageObject\",\"inLanguage\":\"en-US\",\"@id\":\"https:\/\/csmro.ca\/en\/tournament\/sponsorship\/#primaryimage\",\"url\":\"https:\/\/csmro.ca\/website\/wp-content\/uploads\/2019\/06\/38438002_2003824499668565_6413934740566441984_o.jpg\",\"contentUrl\":\"https:\/\/csmro.ca\/website\/wp-content\/uploads\/2019\/06\/38438002_2003824499668565_6413934740566441984_o.jpg\",\"width\":1888,\"height\":1260},{\"@type\":\"BreadcrumbList\",\"@id\":\"https:\/\/csmro.ca\/en\/tournament\/sponsorship\/#breadcrumb\",\"itemListElement\":[{\"@type\":\"ListItem\",\"position\":1,\"name\":\"Home\",\"item\":\"https:\/\/csmro.ca\/\"},{\"@type\":\"ListItem\",\"position\":2,\"name\":\"Jean Mantha Tournament\",\"item\":\"https:\/\/csmro.ca\/en\/tournament\/\"},{\"@type\":\"ListItem\",\"position\":3,\"name\":\"Sponsorship Program\"}]},{\"@type\":\"WebSite\",\"@id\":\"https:\/\/csmro.ca\/#website\",\"url\":\"https:\/\/csmro.ca\/\",\"name\":\"CS MRO\",\"description\":\"\",\"potentialAction\":[{\"@type\":\"SearchAction\",\"target\":{\"@type\":\"EntryPoint\",\"urlTemplate\":\"https:\/\/csmro.ca\/?s={search_term_string}\"},\"query-input\":{\"@type\":\"PropertyValueSpecification\",\"valueRequired\":true,\"valueName\":\"search_term_string\"}}],\"inLanguage\":\"en-US\"}]}<\/script>\n<!-- \/ Yoast SEO plugin. -->","yoast_head_json":{"title":"Sponsorship Program | CS MRO","description":"Une opportunit\u00e9 r\u00eav\u00e9e de promouvoir l'activit\u00e9 physique, le travail d'\u00e9quipe et le d\u00e9veloppement personnel aupr\u00e8s de la rel\u00e8ve!","robots":{"index":"index","follow":"follow","max-snippet":"max-snippet:-1","max-image-preview":"max-image-preview:large","max-video-preview":"max-video-preview:-1"},"canonical":"https:\/\/csmro.ca\/en\/tournament\/sponsorship\/","og_locale":"en_US","og_type":"article","og_title":"Sponsorship Program | CS MRO","og_description":"Une opportunit\u00e9 r\u00eav\u00e9e de promouvoir l'activit\u00e9 physique, le travail d'\u00e9quipe et le d\u00e9veloppement personnel aupr\u00e8s de la rel\u00e8ve!","og_url":"https:\/\/csmro.ca\/en\/tournament\/sponsorship\/","og_site_name":"CS MRO","article_publisher":"https:\/\/www.facebook.com\/csmrosoccer\/","article_modified_time":"2019-07-26T20:43:20+00:00","og_image":[{"width":1888,"height":1260,"url":"https:\/\/csmro.ca\/website\/wp-content\/uploads\/2019\/06\/38438002_2003824499668565_6413934740566441984_o.jpg","type":"image\/jpeg"}],"twitter_card":"summary_large_image","twitter_site":"@csmrogriffons","schema":{"@context":"https:\/\/schema.org","@graph":[{"@type":"WebPage","@id":"https:\/\/csmro.ca\/en\/tournament\/sponsorship\/","url":"https:\/\/csmro.ca\/en\/tournament\/sponsorship\/","name":"Sponsorship Program | CS MRO","isPartOf":{"@id":"https:\/\/csmro.ca\/#website"},"primaryImageOfPage":{"@id":"https:\/\/csmro.ca\/en\/tournament\/sponsorship\/#primaryimage"},"image":{"@id":"https:\/\/csmro.ca\/en\/tournament\/sponsorship\/#primaryimage"},"thumbnailUrl":"https:\/\/csmro.ca\/website\/wp-content\/uploads\/2019\/06\/38438002_2003824499668565_6413934740566441984_o.jpg","datePublished":"2019-06-29T18:33:16+00:00","dateModified":"2019-07-26T20:43:20+00:00","description":"Une opportunit\u00e9 r\u00eav\u00e9e de promouvoir l'activit\u00e9 physique, le travail d'\u00e9quipe et le d\u00e9veloppement personnel aupr\u00e8s de la rel\u00e8ve!","breadcrumb":{"@id":"https:\/\/csmro.ca\/en\/tournament\/sponsorship\/#breadcrumb"},"inLanguage":"en-US","potentialAction":[{"@type":"ReadAction","target":["https:\/\/csmro.ca\/en\/tournament\/sponsorship\/"]}]},{"@type":"ImageObject","inLanguage":"en-US","@id":"https:\/\/csmro.ca\/en\/tournament\/sponsorship\/#primaryimage","url":"https:\/\/csmro.ca\/website\/wp-content\/uploads\/2019\/06\/38438002_2003824499668565_6413934740566441984_o.jpg","contentUrl":"https:\/\/csmro.ca\/website\/wp-content\/uploads\/2019\/06\/38438002_2003824499668565_6413934740566441984_o.jpg","width":1888,"height":1260},{"@type":"BreadcrumbList","@id":"https:\/\/csmro.ca\/en\/tournament\/sponsorship\/#breadcrumb","itemListElement":[{"@type":"ListItem","position":1,"name":"Home","item":"https:\/\/csmro.ca\/"},{"@type":"ListItem","position":2,"name":"Jean Mantha Tournament","item":"https:\/\/csmro.ca\/en\/tournament\/"},{"@type":"ListItem","position":3,"name":"Sponsorship Program"}]},{"@type":"WebSite","@id":"https:\/\/csmro.ca\/#website","url":"https:\/\/csmro.ca\/","name":"CS MRO","description":"","potentialAction":[{"@type":"SearchAction","target":{"@type":"EntryPoint","urlTemplate":"https:\/\/csmro.ca\/?s={search_term_string}"},"query-input":{"@type":"PropertyValueSpecification","valueRequired":true,"valueName":"search_term_string"}}],"inLanguage":"en-US"}]}},"_links":{"self":[{"href":"https:\/\/csmro.ca\/en\/wp-json\/wp\/v2\/pages\/3337","targetHints":{"allow":["GET"]}}],"collection":[{"href":"https:\/\/csmro.ca\/en\/wp-json\/wp\/v2\/pages"}],"about":[{"href":"https:\/\/csmro.ca\/en\/wp-json\/wp\/v2\/types\/page"}],"author":[{"embeddable":true,"href":"https:\/\/csmro.ca\/en\/wp-json\/wp\/v2\/users\/8"}],"replies":[{"embeddable":true,"href":"https:\/\/csmro.ca\/en\/wp-json\/wp\/v2\/comments?post=3337"}],"version-history":[{"count":9,"href":"https:\/\/csmro.ca\/en\/wp-json\/wp\/v2\/pages\/3337\/revisions"}],"predecessor-version":[{"id":3453,"href":"https:\/\/csmro.ca\/en\/wp-json\/wp\/v2\/pages\/3337\/revisions\/3453"}],"up":[{"embeddable":true,"href":"https:\/\/csmro.ca\/en\/wp-json\/wp\/v2\/pages\/2913"}],"wp:featuredmedia":[{"embeddable":true,"href":"https:\/\/csmro.ca\/en\/wp-json\/wp\/v2\/media\/2646"}],"wp:attachment":[{"href":"https:\/\/csmro.ca\/en\/wp-json\/wp\/v2\/media?parent=3337"}],"curies":[{"name":"wp","href":"https:\/\/api.w.org\/{rel}","templated":true}]}}